{"id":4127,"date":"2025-10-24T07:58:30","date_gmt":"2025-10-24T07:58:30","guid":{"rendered":"https:\/\/www.camping-laguichardiere.net\/ideen-fuer-ausfluege-waehrend-ihres-aufenthalts-auf-dem-campingplatz-la-guichardiere\/"},"modified":"2026-03-06T13:40:59","modified_gmt":"2026-03-06T13:40:59","slug":"ideen-fuer-ausfluege-waehrend-ihres-aufenthalts-auf-dem-campingplatz-la-guichardiere","status":"publish","type":"page","link":"https:\/\/www.camping-laguichardiere.net\/de\/tourismus-in-loire-atlantique\/ideen-fuer-ausfluege-waehrend-ihres-aufenthalts-auf-dem-campingplatz-la-guichardiere\/","title":{"rendered":"Ideen f\u00fcr Ausfl\u00fcge w\u00e4hrend Ihres Aufenthalts auf dem Campingplatz La Guichardi\u00e8re"},"content":{"rendered":"\n<div class=\"wp-block-group alignfull is-layout-flow wp-block-group-is-layout-flow\">\n<div style=\"background-image:url(&apos;https:\/\/www.camping-laguichardiere.net\/wp-content\/uploads\/2025\/10\/STG0962.webp&apos;);background-position:47% 70%;background-size:cover;\" class=\"wp-block-group alignfull hero-lg-simple is-style-gd-image-dark has-n-50-color has-text-color has-link-color wp-elements-57695848ff8238c5a13da37e8124e30d is-layout-flow wp-block-group-is-layout-flow has-background\"><h1 class=\"has-text-align-center wp-block-post-title\">Ideen f\u00fcr Ausfl\u00fcge w\u00e4hrend Ihres Aufenthalts auf dem Campingplatz La Guichardi\u00e8re<\/h1><\/div>\n\n\n\n<div class=\"wp-block-group has-n-50-background-color has-background has-global-padding is-layout-constrained wp-container-core-group-is-layout-404f9465 wp-block-group-is-layout-constrained\" style=\"padding-top:var(--wp--preset--spacing--xs);padding-right:var(--wp--preset--spacing--s);padding-bottom:var(--wp--preset--spacing--xs);padding-left:var(--wp--preset--spacing--s)\"><div class=\"wp-elements-8cc45fd89eb6399670db34fb4609e4b7 wp-block-wpseopress-breadcrumbs has-xxs-font-size has-secondary-font-family\"><nav  aria-label=\"breadcrumb\"><ol class=\"breadcrumb\" itemscope itemtype=\"https:\/\/schema.org\/BreadcrumbList\"><li class=\"breadcrumb-item active\" aria-current=\"page\" itemprop=\"itemListElement\" itemscope itemtype=\"https:\/\/schema.org\/ListItem\"><span itemprop=\"name\">Camping pr\u00e8s de Pornic<\/span><meta itemprop=\"position\" content=\"1\"><\/li><\/ol><\/nav><\/div><\/div>\n\n\n\n<div class=\"wp-block-group alignfull is-c-mobile has-n-50-background-color has-background has-global-padding is-layout-constrained wp-container-core-group-is-layout-680b396e wp-block-group-is-layout-constrained\" style=\"padding-top:20rem;padding-bottom:20rem\">\n<p class=\"has-text-align-center is-style-hrz-p--base\">Brauchen Sie eine Flucht? Lust auf Urlaub am Meer? Entdecken Sie die Loire-Atlantique und ihre Natursch\u00e4tze! Unser Campingplatz La Guichardi\u00e8re liegt nur wenige Kilometer von Pornic entfernt und hat eine ideale Lage zwischen der Ruhe der gro\u00dfen Str\u00e4nde und der Dynamik der Hafenst\u00e4dte. Die Restaurants am Meer werden Sie mit Sicherheit begeistern. Buchen Sie jetzt Ihre Ferienunterkunft auf dem Campingplatz in der N\u00e4he von Pornic!   <\/p>\n\n\n\n<figure class=\"wp-block-image size-full is-resized is-absolute tree-2 is-hidden wp-duotone-bg\"><img alt=\"\" decoding=\"async\" src=\"https:\/\/www.camping-laguichardiere.net\/wp-content\/uploads\/2025\/10\/branche2.svg\" alt=\"\" class=\"wp-image-109\" style=\"width:245px\"\/><\/figure>\n<\/div>\n\n\n\n<div class=\"wp-block-group alignfull hrz-content-sticky has-n-50-background-color has-background has-global-padding is-layout-constrained wp-container-core-group-is-layout-55bdcacf wp-block-group-is-layout-constrained\" style=\"padding-top:var(--wp--preset--spacing--xl);padding-bottom:var(--wp--preset--spacing--xl)\">\n<div class=\"wp-block-columns wrapper-sticky is-layout-flex wp-container-core-columns-is-layout-48f035cc wp-block-columns-is-layout-flex\">\n<div class=\"wp-block-column is-c-mobile is-layout-flow wp-block-column-is-layout-flow\" style=\"padding-top:var(--wp--preset--spacing--m)\">\n<div class=\"wp-block-group is-t-mobile is-vertical is-layout-flex wp-container-core-group-is-layout-8db92f92 wp-block-group-is-layout-flex\">\n<h2 class=\"wp-block-heading is-style-hrz-title--sub\">Welche Ausfl\u00fcge gibt es in Pornic?<\/h2>\n\n\n\n<p class=\"is-style-hrz-p--title has-secondary-color has-text-color has-link-color wp-elements-d88826fdd2735cfadc15cf54cd72d489\" style=\"line-height:0.8\">Und in der Umgebung<\/p>\n<\/div>\n\n\n\n<p class=\"is-style-hrz-p--base has-n-950-color has-text-color has-link-color wp-elements-f2464c4269275fa03751dac9229da3d4\" style=\"margin-top:var(--wp--preset--spacing--m)\">Nur 10 Kilometer von unserem Campingplatz La Guichardi\u00e8re entfernt liegt Pornic, ein Juwel an der Jadek\u00fcste, das f\u00fcr seinen alten Hafen und sein mittelalterliches Schloss bekannt ist.<\/p>\n\n\n\n<p class=\"is-style-hrz-p--base has-n-950-color has-text-color has-link-color wp-elements-52132cddf700fcdcec77b91741e94e5f\" style=\"margin-top:var(--wp--preset--spacing--m)\">Wenn Sie gerne gut essen und die Spezialit\u00e4ten der Region probieren m\u00f6chten, dann besuchen Sie eines der vielen Restaurants am Meer. Meeresfr\u00fcchte, Fisch und Gem\u00fcse der Saison &#8211; hier gibt es f\u00fcr jeden Geschmack etwas. Genie\u00dfen Sie k\u00f6stliche Gerichte in einer einzigartigen Umgebung zwischen typischer Architektur und unber\u00fchrter Natur.  <\/p>\n\n\n\n<p class=\"is-style-hrz-p--base has-n-950-color has-text-color has-link-color wp-elements-f1b1aa073532b4766044d40db146f442\" style=\"margin-top:var(--wp--preset--spacing--m)\">In der Stadt gibt es auch viele Brauereien, K\u00e4sereien und stimmungsvolle Bars, die f\u00fcr einen gelungenen Aperitif sorgen! Wenn Sie sich sattgesehen haben, empfehlen wir Ihnen einen Spaziergang durch das Stadtzentrum, um den alten Hafen und das Schloss zu besichtigen. F\u00fcr Naturliebhaber gibt es einen K\u00fcstenpfad, der durch die Stadt f\u00fchrt und Sie zu magischen Orten bringt, an denen Sie im Sommer den Sonnenuntergang beobachten k\u00f6nnen. Der Campingplatz ist schnell zu erreichen, weniger als 15 Minuten mit dem Auto, so dass Sie mit sch\u00f6nen Erinnerungen im Kopf nach Hause fahren k\u00f6nnen.   <\/p>\n<\/div>\n\n\n\n<div class=\"wp-block-column sticky-content is-layout-flow wp-block-column-is-layout-flow\">\n<div class=\"wp-block-group is-vertical is-content-justification-right is-layout-flex wp-container-core-group-is-layout-1b2b8a90 wp-block-group-is-layout-flex\">\n<figure class=\"wp-block-image size-full has-custom-border is-one\"><img alt=\"\" decoding=\"async\" width=\"1920\" height=\"1089\" src=\"https:\/\/www.camping-laguichardiere.net\/wp-content\/uploads\/2025\/10\/AdobeStock_606279987.webp\" alt=\"\" class=\"wp-image-529\" style=\"border-radius:25px\" srcset=\"https:\/\/www.camping-laguichardiere.net\/wp-content\/uploads\/2025\/10\/AdobeStock_606279987.webp 1920w, https:\/\/www.camping-laguichardiere.net\/wp-content\/uploads\/2025\/10\/AdobeStock_606279987-300x170.webp 300w, https:\/\/www.camping-laguichardiere.net\/wp-content\/uploads\/2025\/10\/AdobeStock_606279987-1024x581.webp 1024w, https:\/\/www.camping-laguichardiere.net\/wp-content\/uploads\/2025\/10\/AdobeStock_606279987-768x436.webp 768w, https:\/\/www.camping-laguichardiere.net\/wp-content\/uploads\/2025\/10\/AdobeStock_606279987-200x112.webp 200w\" sizes=\"(max-width: 1920px) 100vw, 1920px\" \/><\/figure>\n<\/div>\n<\/div>\n<\/div>\n\n\n\n<div class=\"wp-block-columns wrapper-sticky is-layout-flex wp-container-core-columns-is-layout-48f035cc wp-block-columns-is-layout-flex\">\n<div class=\"wp-block-column sticky-content is-layout-flow wp-block-column-is-layout-flow\">\n<div class=\"wp-block-group is-vertical is-content-justification-right is-layout-flex wp-container-core-group-is-layout-1b2b8a90 wp-block-group-is-layout-flex\">\n<figure class=\"wp-block-image size-full has-custom-border is-one\"><img alt=\"\" decoding=\"async\" width=\"1920\" height=\"1280\" src=\"https:\/\/www.camping-laguichardiere.net\/wp-content\/uploads\/2025\/10\/AdobeStock_633981449.webp\" alt=\"\" class=\"wp-image-530\" style=\"border-radius:25px\" srcset=\"https:\/\/www.camping-laguichardiere.net\/wp-content\/uploads\/2025\/10\/AdobeStock_633981449.webp 1920w, https:\/\/www.camping-laguichardiere.net\/wp-content\/uploads\/2025\/10\/AdobeStock_633981449-300x200.webp 300w, https:\/\/www.camping-laguichardiere.net\/wp-content\/uploads\/2025\/10\/AdobeStock_633981449-1024x683.webp 1024w, https:\/\/www.camping-laguichardiere.net\/wp-content\/uploads\/2025\/10\/AdobeStock_633981449-768x512.webp 768w, https:\/\/www.camping-laguichardiere.net\/wp-content\/uploads\/2025\/10\/AdobeStock_633981449-1440x960.webp 1440w, https:\/\/www.camping-laguichardiere.net\/wp-content\/uploads\/2025\/10\/AdobeStock_633981449-1080x720.webp 1080w, https:\/\/www.camping-laguichardiere.net\/wp-content\/uploads\/2025\/10\/AdobeStock_633981449-720x480.webp 720w\" sizes=\"(max-width: 1920px) 100vw, 1920px\" \/><\/figure>\n<\/div>\n<\/div>\n\n\n\n<div class=\"wp-block-column is-c-mobile is-layout-flow wp-block-column-is-layout-flow\" style=\"padding-top:var(--wp--preset--spacing--m)\">\n<div class=\"wp-block-group is-t-mobile is-vertical is-layout-flex wp-container-core-group-is-layout-8db92f92 wp-block-group-is-layout-flex\">\n<h2 class=\"wp-block-heading is-style-hrz-title--sub\">Ausfl\u00fcge in Loire-Atlantique<\/h2>\n\n\n\n<p class=\"is-style-hrz-p--title has-secondary-color has-text-color has-link-color wp-elements-7b971e5349ee80a6c8859ccfc4713218\" style=\"line-height:0.8\">Aktivit\u00e4ten f\u00fcr alle<\/p>\n<\/div>\n\n\n\n<p class=\"is-style-hrz-p--base has-n-950-color has-text-color has-link-color wp-elements-23ecd7f87c3484a4800083ebf34c093b\" style=\"margin-top:var(--wp--preset--spacing--m)\">Ihr Urlaub bedeutet Entspannung und Loslassen? Besuchen Sie das Thalasso-Zentrum in Pornic. Es ist eine echte Institution und der ideale Ort, um sich einer sanften Massage hinzugeben. W\u00e4hlen Sie zwischen Spa, Hammam, Sauna, Whirlpool&#8230;.   <\/p>\n\n\n\n<p class=\"is-style-hrz-p--base has-n-950-color has-text-color has-link-color wp-elements-cfa8b65532ffbdfe4d4a6a6a9bce0f52\" style=\"margin-top:var(--wp--preset--spacing--m)\">M\u00f6chten Sie die Sonne genie\u00dfen? Entdecken Sie die vielen Str\u00e4nde mit ihren typischen Fischereien. <\/p>\n\n\n\n<p class=\"is-style-hrz-p--base has-n-950-color has-text-color has-link-color wp-elements-c5b2dd77bf9bf20b5f67efb4d18b1f61\" style=\"margin-top:var(--wp--preset--spacing--m)\">Wenn Sie die verschiedenen Strecken am Meer entlang fahren m\u00f6chten, k\u00f6nnen Sie bei uns Fahrr\u00e4der mieten. Entdecken Sie unser Angebot und genie\u00dfen Sie unsere Aktivit\u00e4ten und Animationen auf dem Campingplatz! <\/p>\n\n\n\n<p class=\"is-style-hrz-p--base has-n-950-color has-text-color has-link-color wp-elements-dc480afc0e4f2470b7333b90d4fead2f\" style=\"margin-top:var(--wp--preset--spacing--m)\">Die Region bietet auch eine Vielzahl von Parks (Natur- und Tierparks usw.), die Kinder und Erwachsene gleicherma\u00dfen \u00fcberraschen und begeistern werden, wie z.B. der Legendia Parc mit seiner fantastischen Welt.<\/p>\n<\/div>\n<\/div>\n<\/div>\n\n\n\n<div class=\"wp-block-group alignfull lg-rs has-global-padding is-layout-constrained wp-container-core-group-is-layout-a8a2e6f1 wp-block-group-is-layout-constrained\" style=\"padding-top:25rem;padding-bottom:25rem\">\n<div class=\"wp-block-group is-vertical is-content-justification-center is-layout-flex wp-container-core-group-is-layout-7453b6fa wp-block-group-is-layout-flex\">\n<div class=\"wp-block-group is-content-justification-center is-nowrap is-layout-flex wp-container-core-group-is-layout-67684cc2 wp-block-group-is-layout-flex\">\n<div class=\"wp-block-outermost-icon-block\"><a class=\"icon-container has-icon-color has-secondary-color\" href=\"https:\/\/www.facebook.com\/campinglaguichardiere\" style=\"color:#D3B678;width:48px;transform:rotate(0deg) scaleX(1) scaleY(1)\"><svg xmlns=\"http:\/\/www.w3.org\/2000\/svg\" viewbox=\"0 0 24 24\" aria-hidden=\"true\"><path d=\"M12 2C6.5 2 2 6.5 2 12c0 5 3.7 9.1 8.4 9.9v-7H7.9V12h2.5V9.8c0-2.5 1.5-3.9 3.8-3.9 1.1 0 2.2.2 2.2.2v2.5h-1.3c-1.2 0-1.6.8-1.6 1.6V12h2.8l-.4 2.9h-2.3v7C18.3 21.1 22 17 22 12c0-5.5-4.5-10-10-10z\"><\/path><\/svg><\/a><\/div>\n\n\n\n<div class=\"wp-block-outermost-icon-block\"><a class=\"icon-container has-icon-color has-secondary-color\" href=\"https:\/\/www.instagram.com\/camping_flower_la_guichardiere\/?hl=fr\" style=\"color:#D3B678;width:48px;transform:rotate(0deg) scaleX(1) scaleY(1)\"><svg xmlns=\"http:\/\/www.w3.org\/2000\/svg\" viewbox=\"0 0 24 24\" aria-hidden=\"true\"><path d=\"M12,4.622c2.403,0,2.688,0.009,3.637,0.052c0.877,0.04,1.354,0.187,1.671,0.31c0.42,0.163,0.72,0.358,1.035,0.673 c0.315,0.315,0.51,0.615,0.673,1.035c0.123,0.317,0.27,0.794,0.31,1.671c0.043,0.949,0.052,1.234,0.052,3.637 s-0.009,2.688-0.052,3.637c-0.04,0.877-0.187,1.354-0.31,1.671c-0.163,0.42-0.358,0.72-0.673,1.035 c-0.315,0.315-0.615,0.51-1.035,0.673c-0.317,0.123-0.794,0.27-1.671,0.31c-0.949,0.043-1.233,0.052-3.637,0.052 s-2.688-0.009-3.637-0.052c-0.877-0.04-1.354-0.187-1.671-0.31c-0.42-0.163-0.72-0.358-1.035-0.673 c-0.315-0.315-0.51-0.615-0.673-1.035c-0.123-0.317-0.27-0.794-0.31-1.671C4.631,14.688,4.622,14.403,4.622,12 s0.009-2.688,0.052-3.637c0.04-0.877,0.187-1.354,0.31-1.671c0.163-0.42,0.358-0.72,0.673-1.035 c0.315-0.315,0.615-0.51,1.035-0.673c0.317-0.123,0.794-0.27,1.671-0.31C9.312,4.631,9.597,4.622,12,4.622 M12,3 C9.556,3,9.249,3.01,8.289,3.054C7.331,3.098,6.677,3.25,6.105,3.472C5.513,3.702,5.011,4.01,4.511,4.511 c-0.5,0.5-0.808,1.002-1.038,1.594C3.25,6.677,3.098,7.331,3.054,8.289C3.01,9.249,3,9.556,3,12c0,2.444,0.01,2.751,0.054,3.711 c0.044,0.958,0.196,1.612,0.418,2.185c0.23,0.592,0.538,1.094,1.038,1.594c0.5,0.5,1.002,0.808,1.594,1.038 c0.572,0.222,1.227,0.375,2.185,0.418C9.249,20.99,9.556,21,12,21s2.751-0.01,3.711-0.054c0.958-0.044,1.612-0.196,2.185-0.418 c0.592-0.23,1.094-0.538,1.594-1.038c0.5-0.5,0.808-1.002,1.038-1.594c0.222-0.572,0.375-1.227,0.418-2.185 C20.99,14.751,21,14.444,21,12s-0.01-2.751-0.054-3.711c-0.044-0.958-0.196-1.612-0.418-2.185c-0.23-0.592-0.538-1.094-1.038-1.594 c-0.5-0.5-1.002-0.808-1.594-1.038c-0.572-0.222-1.227-0.375-2.185-0.418C14.751,3.01,14.444,3,12,3L12,3z M12,7.378 c-2.552,0-4.622,2.069-4.622,4.622S9.448,16.622,12,16.622s4.622-2.069,4.622-4.622S14.552,7.378,12,7.378z M12,15 c-1.657,0-3-1.343-3-3s1.343-3,3-3s3,1.343,3,3S13.657,15,12,15z M16.804,6.116c-0.596,0-1.08,0.484-1.08,1.08 s0.484,1.08,1.08,1.08c0.596,0,1.08-0.484,1.08-1.08S17.401,6.116,16.804,6.116z\"><\/path><\/svg><\/a><\/div>\n<\/div>\n\n\n\n<div class=\"wp-block-group is-vertical is-content-justification-center is-layout-flex wp-container-core-group-is-layout-b6c1f246 wp-block-group-is-layout-flex\">\n<p class=\"has-text-align-center is-style-hrz-p--title has-secondary-color has-text-color has-link-color wp-elements-c1085ae475f145b66964032f9d9148c3\">#GUICHARDI\u00c8RE<\/p>\n\n\n\n<p class=\"has-text-align-center is-style-hrz-p--subtitle has-primary-color has-text-color has-link-color wp-elements-7fd63ab93ee5cc01e3d8a7ea5687b33c\" style=\"font-style:normal;font-weight:700\">nichts verpassen<\/p>\n<\/div>\n\n\n\n<!-- Elfsight Instagram Feed | La Guichardi\u00e8re -->\n<script src=\"https:\/\/elfsightcdn.com\/platform.js\" async=\"\"><\/script>\n<div class=\"elfsight-app-e47a5cf7-ef4c-4027-bd1b-d7f8d67b9f8f\" data-elfsight-app-lazy=\"\"><\/div>\n<\/div>\n<\/div>\n<\/div>\n","protected":false},"excerpt":{"rendered":"<p>Brauchen Sie eine Flucht? Lust auf Urlaub am Meer? Entdecken Sie die Loire-Atlantique und ihre Natursch\u00e4tze! Unser Campingplatz La Guichardi\u00e8re liegt nur wenige Kilometer von Pornic entfernt und hat eine ideale Lage zwischen der Ruhe der gro\u00dfen Str\u00e4nde und der Dynamik der Hafenst\u00e4dte. Die Restaurants am Meer werden Sie mit Sicherheit begeistern. Buchen Sie jetzt [&hellip;]<\/p>\n","protected":false},"author":1,"featured_media":0,"parent":4194,"menu_order":54,"comment_status":"closed","ping_status":"closed","template":"","meta":{"_acf_changed":false,"_seopress_robots_primary_cat":"","_seopress_titles_title":"Was kann man in Loire-Atlantique unternehmen? | Ideen f\u00fcr Aktivit\u00e4ten und Besichtigungen an der C\u00f4te de Jade ","_seopress_titles_desc":"Was kann man in Loire-Atlantique unternehmen? Hier finden Sie unsere Ideen f\u00fcr Aktivit\u00e4ten, Besichtigungen, Entdeckungen und Erfahrungen, die Sie zwischen Meer, Natur und Jadek\u00fcste machen k\u00f6nnen. ","_seopress_robots_index":"","footnotes":""},"class_list":["post-4127","page","type-page","status-publish","hentry"],"acf":[],"_links":{"self":[{"href":"https:\/\/www.camping-laguichardiere.net\/de\/wp-json\/wp\/v2\/pages\/4127","targetHints":{"allow":["GET"]}}],"collection":[{"href":"https:\/\/www.camping-laguichardiere.net\/de\/wp-json\/wp\/v2\/pages"}],"about":[{"href":"https:\/\/www.camping-laguichardiere.net\/de\/wp-json\/wp\/v2\/types\/page"}],"author":[{"embeddable":true,"href":"https:\/\/www.camping-laguichardiere.net\/de\/wp-json\/wp\/v2\/users\/1"}],"replies":[{"embeddable":true,"href":"https:\/\/www.camping-laguichardiere.net\/de\/wp-json\/wp\/v2\/comments?post=4127"}],"version-history":[{"count":1,"href":"https:\/\/www.camping-laguichardiere.net\/de\/wp-json\/wp\/v2\/pages\/4127\/revisions"}],"predecessor-version":[{"id":4130,"href":"https:\/\/www.camping-laguichardiere.net\/de\/wp-json\/wp\/v2\/pages\/4127\/revisions\/4130"}],"up":[{"embeddable":true,"href":"https:\/\/www.camping-laguichardiere.net\/de\/wp-json\/wp\/v2\/pages\/4194"}],"wp:attachment":[{"href":"https:\/\/www.camping-laguichardiere.net\/de\/wp-json\/wp\/v2\/media?parent=4127"}],"curies":[{"name":"wp","href":"https:\/\/api.w.org\/{rel}","templated":true}]}}