{"id":4139,"date":"2025-10-24T07:58:30","date_gmt":"2025-10-24T07:58:30","guid":{"rendered":"https:\/\/www.camping-laguichardiere.net\/ideeen-voor-uitstapjes-tijdens-uw-verblijf-op-camping-de-la-guichardiere\/"},"modified":"2026-03-06T13:41:01","modified_gmt":"2026-03-06T13:41:01","slug":"ideeen-voor-uitstapjes-tijdens-uw-verblijf-op-camping-de-la-guichardiere","status":"publish","type":"page","link":"https:\/\/www.camping-laguichardiere.net\/nl\/toerisme-in-loire-atlantique\/ideeen-voor-uitstapjes-tijdens-uw-verblijf-op-camping-de-la-guichardiere\/","title":{"rendered":"Idee\u00ebn voor uitstapjes tijdens uw verblijf op camping de La Guichardi\u00e8re"},"content":{"rendered":"\n<div class=\"wp-block-group alignfull is-layout-flow wp-block-group-is-layout-flow\">\n<div style=\"background-image:url(&apos;https:\/\/www.camping-laguichardiere.net\/wp-content\/uploads\/2025\/10\/STG0962.webp&apos;);background-position:47% 70%;background-size:cover;\" class=\"wp-block-group alignfull hero-lg-simple is-style-gd-image-dark has-n-50-color has-text-color has-link-color wp-elements-57695848ff8238c5a13da37e8124e30d is-layout-flow wp-block-group-is-layout-flow has-background\"><h1 class=\"has-text-align-center wp-block-post-title\">Idee\u00ebn voor uitstapjes tijdens uw verblijf op camping de La Guichardi\u00e8re<\/h1><\/div>\n\n\n\n<div class=\"wp-block-group has-n-50-background-color has-background has-global-padding is-layout-constrained wp-container-core-group-is-layout-404f9465 wp-block-group-is-layout-constrained\" style=\"padding-top:var(--wp--preset--spacing--xs);padding-right:var(--wp--preset--spacing--s);padding-bottom:var(--wp--preset--spacing--xs);padding-left:var(--wp--preset--spacing--s)\"><div class=\"wp-elements-8cc45fd89eb6399670db34fb4609e4b7 wp-block-wpseopress-breadcrumbs has-xxs-font-size has-secondary-font-family\"><nav  aria-label=\"breadcrumb\"><ol class=\"breadcrumb\" itemscope itemtype=\"https:\/\/schema.org\/BreadcrumbList\"><li class=\"breadcrumb-item active\" aria-current=\"page\" itemprop=\"itemListElement\" itemscope itemtype=\"https:\/\/schema.org\/ListItem\"><span itemprop=\"name\">Camping pr\u00e8s de Pornic<\/span><meta itemprop=\"position\" content=\"1\"><\/li><\/ol><\/nav><\/div><\/div>\n\n\n\n<div class=\"wp-block-group alignfull is-c-mobile has-n-50-background-color has-background has-global-padding is-layout-constrained wp-container-core-group-is-layout-680b396e wp-block-group-is-layout-constrained\" style=\"padding-top:20rem;padding-bottom:20rem\">\n<p class=\"has-text-align-center is-style-hrz-p--base\">Wil je er even tussenuit? Op zoek naar een vakantie aan zee? Ontdek de Loire-Atlantique en haar natuurlijke rijkdommen! Op een paar kilometer van Pornic ligt onze camping La Guichardi\u00e8re ideaal tussen de rust van de grote stranden en de dynamiek van de havensteden. De restaurants aan zee zullen u zeker bevallen. Reserveer nu uw huuraccommodatie op een camping in de buurt van Pornic!   <\/p>\n\n\n\n<figure class=\"wp-block-image size-full is-resized is-absolute tree-2 is-hidden wp-duotone-bg\"><img alt=\"\" decoding=\"async\" src=\"https:\/\/www.camping-laguichardiere.net\/wp-content\/uploads\/2025\/10\/branche2.svg\" alt=\"\" class=\"wp-image-109\" style=\"width:245px\"\/><\/figure>\n<\/div>\n\n\n\n<div class=\"wp-block-group alignfull hrz-content-sticky has-n-50-background-color has-background has-global-padding is-layout-constrained wp-container-core-group-is-layout-55bdcacf wp-block-group-is-layout-constrained\" style=\"padding-top:var(--wp--preset--spacing--xl);padding-bottom:var(--wp--preset--spacing--xl)\">\n<div class=\"wp-block-columns wrapper-sticky is-layout-flex wp-container-core-columns-is-layout-48f035cc wp-block-columns-is-layout-flex\">\n<div class=\"wp-block-column is-c-mobile is-layout-flow wp-block-column-is-layout-flow\" style=\"padding-top:var(--wp--preset--spacing--m)\">\n<div class=\"wp-block-group is-t-mobile is-vertical is-layout-flex wp-container-core-group-is-layout-8db92f92 wp-block-group-is-layout-flex\">\n<h2 class=\"wp-block-heading is-style-hrz-title--sub\">Uitgaan in Pornic?<\/h2>\n\n\n\n<p class=\"is-style-hrz-p--title has-secondary-color has-text-color has-link-color wp-elements-95bc29aee56b843dab176c8b1bda417f\" style=\"line-height:0.8\">En de omgeving<\/p>\n<\/div>\n\n\n\n<p class=\"is-style-hrz-p--base has-n-950-color has-text-color has-link-color wp-elements-6abbd5b5a829cc8d86e2c0f90a84f435\" style=\"margin-top:var(--wp--preset--spacing--m)\">Op slechts 10 kilometer van onze camping La Guichardi\u00e8re ligt Pornic, een juweeltje aan de C\u00f4te de Jade, beroemd om de charme van zijn oude haven en middeleeuwse kasteel.<\/p>\n\n\n\n<p class=\"is-style-hrz-p--base has-n-950-color has-text-color has-link-color wp-elements-92682748cec2c2d401a7a71a7dab0c74\" style=\"margin-top:var(--wp--preset--spacing--m)\">Als je van lekker eten houdt en de specialiteiten van de regio wilt proeven, ga dan naar de vele restaurants aan zee. Zeevruchten, vis en seizoensgroenten: er is voor elk wat wils. Proef heerlijke gerechten in een unieke omgeving die typische architectuur en wilde natuur combineert.  <\/p>\n\n\n\n<p class=\"is-style-hrz-p--base has-n-950-color has-text-color has-link-color wp-elements-8b34709b712ea0e04cc9959afa1bbeff\" style=\"margin-top:var(--wp--preset--spacing--m)\">De stad heeft ook een aantal ambachtelijke brouwerijen, kaasmakerijen en sfeervolle bars, dus je kunt zeker zijn van een geweldig aperitief! Als je je buik vol hebt, raden we je een wandeling door het stadscentrum aan om de oude haven en het kasteel te bezoeken. Voor natuurliefhebbers: een kustpad doorkruist de stad en brengt je naar een aantal magische plekjes om de zomerzon onder te zien gaan. De camping is snel bereikbaar &#8211; minder dan 15 minuten met de auto &#8211; zodat je met een gerust hart naar huis kunt rijden.   <\/p>\n<\/div>\n\n\n\n<div class=\"wp-block-column sticky-content is-layout-flow wp-block-column-is-layout-flow\">\n<div class=\"wp-block-group is-vertical is-content-justification-right is-layout-flex wp-container-core-group-is-layout-1b2b8a90 wp-block-group-is-layout-flex\">\n<figure class=\"wp-block-image size-full has-custom-border is-one\"><img alt=\"\" decoding=\"async\" width=\"1920\" height=\"1089\" src=\"https:\/\/www.camping-laguichardiere.net\/wp-content\/uploads\/2025\/10\/AdobeStock_606279987.webp\" alt=\"\" class=\"wp-image-529\" style=\"border-radius:25px\" srcset=\"https:\/\/www.camping-laguichardiere.net\/wp-content\/uploads\/2025\/10\/AdobeStock_606279987.webp 1920w, https:\/\/www.camping-laguichardiere.net\/wp-content\/uploads\/2025\/10\/AdobeStock_606279987-300x170.webp 300w, https:\/\/www.camping-laguichardiere.net\/wp-content\/uploads\/2025\/10\/AdobeStock_606279987-1024x581.webp 1024w, https:\/\/www.camping-laguichardiere.net\/wp-content\/uploads\/2025\/10\/AdobeStock_606279987-768x436.webp 768w, https:\/\/www.camping-laguichardiere.net\/wp-content\/uploads\/2025\/10\/AdobeStock_606279987-200x112.webp 200w\" sizes=\"(max-width: 1920px) 100vw, 1920px\" \/><\/figure>\n<\/div>\n<\/div>\n<\/div>\n\n\n\n<div class=\"wp-block-columns wrapper-sticky is-layout-flex wp-container-core-columns-is-layout-48f035cc wp-block-columns-is-layout-flex\">\n<div class=\"wp-block-column sticky-content is-layout-flow wp-block-column-is-layout-flow\">\n<div class=\"wp-block-group is-vertical is-content-justification-right is-layout-flex wp-container-core-group-is-layout-1b2b8a90 wp-block-group-is-layout-flex\">\n<figure class=\"wp-block-image size-full has-custom-border is-one\"><img alt=\"\" decoding=\"async\" width=\"1920\" height=\"1280\" src=\"https:\/\/www.camping-laguichardiere.net\/wp-content\/uploads\/2025\/10\/AdobeStock_633981449.webp\" alt=\"\" class=\"wp-image-530\" style=\"border-radius:25px\" srcset=\"https:\/\/www.camping-laguichardiere.net\/wp-content\/uploads\/2025\/10\/AdobeStock_633981449.webp 1920w, https:\/\/www.camping-laguichardiere.net\/wp-content\/uploads\/2025\/10\/AdobeStock_633981449-300x200.webp 300w, https:\/\/www.camping-laguichardiere.net\/wp-content\/uploads\/2025\/10\/AdobeStock_633981449-1024x683.webp 1024w, https:\/\/www.camping-laguichardiere.net\/wp-content\/uploads\/2025\/10\/AdobeStock_633981449-768x512.webp 768w, https:\/\/www.camping-laguichardiere.net\/wp-content\/uploads\/2025\/10\/AdobeStock_633981449-1440x960.webp 1440w, https:\/\/www.camping-laguichardiere.net\/wp-content\/uploads\/2025\/10\/AdobeStock_633981449-1080x720.webp 1080w, https:\/\/www.camping-laguichardiere.net\/wp-content\/uploads\/2025\/10\/AdobeStock_633981449-720x480.webp 720w\" sizes=\"(max-width: 1920px) 100vw, 1920px\" \/><\/figure>\n<\/div>\n<\/div>\n\n\n\n<div class=\"wp-block-column is-c-mobile is-layout-flow wp-block-column-is-layout-flow\" style=\"padding-top:var(--wp--preset--spacing--m)\">\n<div class=\"wp-block-group is-t-mobile is-vertical is-layout-flex wp-container-core-group-is-layout-8db92f92 wp-block-group-is-layout-flex\">\n<h2 class=\"wp-block-heading is-style-hrz-title--sub\">Uitstapjes in Loire-Atlantique<\/h2>\n\n\n\n<p class=\"is-style-hrz-p--title has-secondary-color has-text-color has-link-color wp-elements-354f55f3a73bd91662f3b368e406544d\" style=\"line-height:0.8\">Activiteiten voor iedereen<\/p>\n<\/div>\n\n\n\n<p class=\"is-style-hrz-p--base has-n-950-color has-text-color has-link-color wp-elements-fac56bfefacd5076fc6b01068f8f9f82\" style=\"margin-top:var(--wp--preset--spacing--m)\">Rijmt uw vakantie op ontspanning en loslaten? Ga dan naar het thalassocentrum in Pornic. Het is een waar instituut en de ideale plek om je te laten verwennen met zachte massages. Kies de behandeling die het best bij je past uit spa, hammam, sauna, bubbelbad&#8230;   <\/p>\n\n\n\n<p class=\"is-style-hrz-p--base has-n-950-color has-text-color has-link-color wp-elements-0861662e016f42ae770378e3e468c8d9\" style=\"margin-top:var(--wp--preset--spacing--m)\">Zin om van de zon te genieten? Ontdek de vele stranden en hun typische visserijen. <\/p>\n\n\n\n<p class=\"is-style-hrz-p--base has-n-950-color has-text-color has-link-color wp-elements-e1f69075fc2957f60e14df794bd8d111\" style=\"margin-top:var(--wp--preset--spacing--m)\">Als je de verschillende routes langs de kust wilt verkennen, kun je bij ons fietsen huren. Kom meer te weten over onze diensten en geniet van onze activiteiten en animaties op de camping! <\/p>\n\n\n\n<p class=\"is-style-hrz-p--base has-n-950-color has-text-color has-link-color wp-elements-02b40ecdcd371367d6a4bd4ca88cfa04\" style=\"margin-top:var(--wp--preset--spacing--m)\">De regio biedt ook een groot aantal parken van allerlei aard (natuurparken, dierenparken, enz.) die jong en oud zullen verrassen en verbazen, zoals Legendia Parc en zijn fantastische wereld.<\/p>\n<\/div>\n<\/div>\n<\/div>\n\n\n\n<div class=\"wp-block-group alignfull lg-rs has-global-padding is-layout-constrained wp-container-core-group-is-layout-a8a2e6f1 wp-block-group-is-layout-constrained\" style=\"padding-top:25rem;padding-bottom:25rem\">\n<div class=\"wp-block-group is-vertical is-content-justification-center is-layout-flex wp-container-core-group-is-layout-7453b6fa wp-block-group-is-layout-flex\">\n<div class=\"wp-block-group is-content-justification-center is-nowrap is-layout-flex wp-container-core-group-is-layout-67684cc2 wp-block-group-is-layout-flex\">\n<div class=\"wp-block-outermost-icon-block\"><a class=\"icon-container has-icon-color has-secondary-color\" href=\"https:\/\/www.facebook.com\/campinglaguichardiere\" style=\"color:#D3B678;width:48px;transform:rotate(0deg) scaleX(1) scaleY(1)\"><svg xmlns=\"http:\/\/www.w3.org\/2000\/svg\" viewbox=\"0 0 24 24\" aria-hidden=\"true\"><path d=\"M12 2C6.5 2 2 6.5 2 12c0 5 3.7 9.1 8.4 9.9v-7H7.9V12h2.5V9.8c0-2.5 1.5-3.9 3.8-3.9 1.1 0 2.2.2 2.2.2v2.5h-1.3c-1.2 0-1.6.8-1.6 1.6V12h2.8l-.4 2.9h-2.3v7C18.3 21.1 22 17 22 12c0-5.5-4.5-10-10-10z\"><\/path><\/svg><\/a><\/div>\n\n\n\n<div class=\"wp-block-outermost-icon-block\"><a class=\"icon-container has-icon-color has-secondary-color\" href=\"https:\/\/www.instagram.com\/camping_flower_la_guichardiere\/?hl=fr\" style=\"color:#D3B678;width:48px;transform:rotate(0deg) scaleX(1) scaleY(1)\"><svg xmlns=\"http:\/\/www.w3.org\/2000\/svg\" viewbox=\"0 0 24 24\" aria-hidden=\"true\"><path d=\"M12,4.622c2.403,0,2.688,0.009,3.637,0.052c0.877,0.04,1.354,0.187,1.671,0.31c0.42,0.163,0.72,0.358,1.035,0.673 c0.315,0.315,0.51,0.615,0.673,1.035c0.123,0.317,0.27,0.794,0.31,1.671c0.043,0.949,0.052,1.234,0.052,3.637 s-0.009,2.688-0.052,3.637c-0.04,0.877-0.187,1.354-0.31,1.671c-0.163,0.42-0.358,0.72-0.673,1.035 c-0.315,0.315-0.615,0.51-1.035,0.673c-0.317,0.123-0.794,0.27-1.671,0.31c-0.949,0.043-1.233,0.052-3.637,0.052 s-2.688-0.009-3.637-0.052c-0.877-0.04-1.354-0.187-1.671-0.31c-0.42-0.163-0.72-0.358-1.035-0.673 c-0.315-0.315-0.51-0.615-0.673-1.035c-0.123-0.317-0.27-0.794-0.31-1.671C4.631,14.688,4.622,14.403,4.622,12 s0.009-2.688,0.052-3.637c0.04-0.877,0.187-1.354,0.31-1.671c0.163-0.42,0.358-0.72,0.673-1.035 c0.315-0.315,0.615-0.51,1.035-0.673c0.317-0.123,0.794-0.27,1.671-0.31C9.312,4.631,9.597,4.622,12,4.622 M12,3 C9.556,3,9.249,3.01,8.289,3.054C7.331,3.098,6.677,3.25,6.105,3.472C5.513,3.702,5.011,4.01,4.511,4.511 c-0.5,0.5-0.808,1.002-1.038,1.594C3.25,6.677,3.098,7.331,3.054,8.289C3.01,9.249,3,9.556,3,12c0,2.444,0.01,2.751,0.054,3.711 c0.044,0.958,0.196,1.612,0.418,2.185c0.23,0.592,0.538,1.094,1.038,1.594c0.5,0.5,1.002,0.808,1.594,1.038 c0.572,0.222,1.227,0.375,2.185,0.418C9.249,20.99,9.556,21,12,21s2.751-0.01,3.711-0.054c0.958-0.044,1.612-0.196,2.185-0.418 c0.592-0.23,1.094-0.538,1.594-1.038c0.5-0.5,0.808-1.002,1.038-1.594c0.222-0.572,0.375-1.227,0.418-2.185 C20.99,14.751,21,14.444,21,12s-0.01-2.751-0.054-3.711c-0.044-0.958-0.196-1.612-0.418-2.185c-0.23-0.592-0.538-1.094-1.038-1.594 c-0.5-0.5-1.002-0.808-1.594-1.038c-0.572-0.222-1.227-0.375-2.185-0.418C14.751,3.01,14.444,3,12,3L12,3z M12,7.378 c-2.552,0-4.622,2.069-4.622,4.622S9.448,16.622,12,16.622s4.622-2.069,4.622-4.622S14.552,7.378,12,7.378z M12,15 c-1.657,0-3-1.343-3-3s1.343-3,3-3s3,1.343,3,3S13.657,15,12,15z M16.804,6.116c-0.596,0-1.08,0.484-1.08,1.08 s0.484,1.08,1.08,1.08c0.596,0,1.08-0.484,1.08-1.08S17.401,6.116,16.804,6.116z\"><\/path><\/svg><\/a><\/div>\n<\/div>\n\n\n\n<div class=\"wp-block-group is-vertical is-content-justification-center is-layout-flex wp-container-core-group-is-layout-b6c1f246 wp-block-group-is-layout-flex\">\n<p class=\"has-text-align-center is-style-hrz-p--title has-secondary-color has-text-color has-link-color wp-elements-c1085ae475f145b66964032f9d9148c3\">#GUICHARDI\u00c8RE<\/p>\n\n\n\n<p class=\"has-text-align-center is-style-hrz-p--subtitle has-primary-color has-text-color has-link-color wp-elements-00fc4b61ebbb1867d3a694fe5152516c\" style=\"font-style:normal;font-weight:700\">Mis niets<\/p>\n<\/div>\n\n\n\n<!-- Elfsight Instagram Feed | La Guichardi\u00e8re -->\n<script src=\"https:\/\/elfsightcdn.com\/platform.js\" async=\"\"><\/script>\n<div class=\"elfsight-app-e47a5cf7-ef4c-4027-bd1b-d7f8d67b9f8f\" data-elfsight-app-lazy=\"\"><\/div>\n<\/div>\n<\/div>\n<\/div>\n","protected":false},"excerpt":{"rendered":"<p>Wil je er even tussenuit? Op zoek naar een vakantie aan zee? Ontdek de Loire-Atlantique en haar natuurlijke rijkdommen! Op een paar kilometer van Pornic ligt onze camping La Guichardi\u00e8re ideaal tussen de rust van de grote stranden en de dynamiek van de havensteden. De restaurants aan zee zullen u zeker bevallen. Reserveer nu uw [&hellip;]<\/p>\n","protected":false},"author":1,"featured_media":0,"parent":4200,"menu_order":56,"comment_status":"closed","ping_status":"closed","template":"","meta":{"_acf_changed":false,"_seopress_robots_primary_cat":"","_seopress_titles_title":"Wat te doen in Loire-Atlantique | Idee\u00ebn voor activiteiten en bezoeken aan de C\u00f4te de Jade ","_seopress_titles_desc":"Wat te doen in Loire-Atlantique? Bekijk onze idee\u00ebn voor activiteiten, bezoeken, ontdekkingen en ervaringen tussen de zee, de natuur en de C\u00f4te de Jade. ","_seopress_robots_index":"","footnotes":""},"class_list":["post-4139","page","type-page","status-publish","hentry"],"acf":[],"_links":{"self":[{"href":"https:\/\/www.camping-laguichardiere.net\/nl\/wp-json\/wp\/v2\/pages\/4139","targetHints":{"allow":["GET"]}}],"collection":[{"href":"https:\/\/www.camping-laguichardiere.net\/nl\/wp-json\/wp\/v2\/pages"}],"about":[{"href":"https:\/\/www.camping-laguichardiere.net\/nl\/wp-json\/wp\/v2\/types\/page"}],"author":[{"embeddable":true,"href":"https:\/\/www.camping-laguichardiere.net\/nl\/wp-json\/wp\/v2\/users\/1"}],"replies":[{"embeddable":true,"href":"https:\/\/www.camping-laguichardiere.net\/nl\/wp-json\/wp\/v2\/comments?post=4139"}],"version-history":[{"count":1,"href":"https:\/\/www.camping-laguichardiere.net\/nl\/wp-json\/wp\/v2\/pages\/4139\/revisions"}],"predecessor-version":[{"id":4141,"href":"https:\/\/www.camping-laguichardiere.net\/nl\/wp-json\/wp\/v2\/pages\/4139\/revisions\/4141"}],"up":[{"embeddable":true,"href":"https:\/\/www.camping-laguichardiere.net\/nl\/wp-json\/wp\/v2\/pages\/4200"}],"wp:attachment":[{"href":"https:\/\/www.camping-laguichardiere.net\/nl\/wp-json\/wp\/v2\/media?parent=4139"}],"curies":[{"name":"wp","href":"https:\/\/api.w.org\/{rel}","templated":true}]}}